{"id":13,"date":"2024-11-22T09:11:56","date_gmt":"2024-11-22T08:11:56","guid":{"rendered":"http:\/\/pme2024wp.projekte-mit-energie.de\/?page_id=13"},"modified":"2024-11-28T07:38:01","modified_gmt":"2024-11-28T06:38:01","slug":"impressum","status":"publish","type":"page","link":"https:\/\/www.projekte-mit-energie.de\/?page_id=13","title":{"rendered":"Impressum"},"content":{"rendered":"\n<p>Anbieterinformationen<br>Projekte mit Energie<br>Harald Abel<br>Kapellenstra\u00dfe 14<br>75015 Bretten<br>Telefon: 07258-3271401<br>Fax: 07258-3271402<br>Handy: 0151-50732724<br>Website: www.projekte-mit-energie.de<br>Email: abelh@projekte-mit-energie.de<br>Email: Kontaktformular anzeigen<\/p>\n\n\n\n<p>Rechtliche Angaben<br>USt.ID.nr. gem\u00e4\u00df \u00a7 27 a Umsatzsteuergesetz: DE272402400<\/p>\n\n\n\n<p>Technische Angaben<br>Technisch Verantwortlicher: Markus Maierhoefer (info@jomaca.de)<br>dessen Webseite www.jomaca.de<\/p>\n\n\n\n<p>Weitere Informationen<\/p>\n\n\n\n<p>Trotz sorgf\u00e4ltiger inhaltlicher Kontrolle \u00fcbernehmen wir keine Haftung f\u00fcr die Inhalte externer Links. F\u00fcr den Inhalt der verlinkten Seiten sind ausschlie\u00dflich deren Betreiber verantwortlich.Alle hier verwendeten Namen, Begriffe, Zeichen und Grafiken k\u00f6nnen Marken- oder Warenzeichen im Besitze ihrer rechtlichen Eigent\u00fcmer sein. Die Rechte aller erw\u00e4hnten und benutzten Marken- und Warenzeichen liegen ausschlie\u00dflich bei deren Besitzern.<\/p>\n","protected":false},"excerpt":{"rendered":"<p>AnbieterinformationenProjekte mit EnergieHarald AbelKapellenstra\u00dfe 1475015 BrettenTelefon: 07258-3271401Fax: 07258-3271402Handy: 0151-50732724Website: www.projekte-mit-energie.deEmail: abelh@projekte-mit-energie.deEmail: Kontaktformular anzeigen Rechtliche AngabenUSt.ID.nr. gem\u00e4\u00df \u00a7 27 a Umsatzsteuergesetz: DE272402400 Technische AngabenTechnisch Verantwortlicher: Markus Maierhoefer (info@jomaca.de)dessen Webseite www.jomaca.de Weitere Informationen Trotz sorgf\u00e4ltiger inhaltlicher Kontrolle \u00fcbernehmen wir keine Haftung f\u00fcr die Inhalte externer Links. F\u00fcr den Inhalt der verlinkten Seiten sind ausschlie\u00dflich deren Betreiber verantwortlich.Alle [&hellip;]<\/p>\n","protected":false},"author":1,"featured_media":0,"parent":0,"menu_order":0,"comment_status":"closed","ping_status":"closed","template":"","meta":{"footnotes":""},"class_list":["post-13","page","type-page","status-publish","hentry"],"_links":{"self":[{"href":"https:\/\/www.projekte-mit-energie.de\/index.php?rest_route=\/wp\/v2\/pages\/13","targetHints":{"allow":["GET"]}}],"collection":[{"href":"https:\/\/www.projekte-mit-energie.de\/index.php?rest_route=\/wp\/v2\/pages"}],"about":[{"href":"https:\/\/www.projekte-mit-energie.de\/index.php?rest_route=\/wp\/v2\/types\/page"}],"author":[{"embeddable":true,"href":"https:\/\/www.projekte-mit-energie.de\/index.php?rest_route=\/wp\/v2\/users\/1"}],"replies":[{"embeddable":true,"href":"https:\/\/www.projekte-mit-energie.de\/index.php?rest_route=%2Fwp%2Fv2%2Fcomments&post=13"}],"version-history":[{"count":4,"href":"https:\/\/www.projekte-mit-energie.de\/index.php?rest_route=\/wp\/v2\/pages\/13\/revisions"}],"predecessor-version":[{"id":175,"href":"https:\/\/www.projekte-mit-energie.de\/index.php?rest_route=\/wp\/v2\/pages\/13\/revisions\/175"}],"wp:attachment":[{"href":"https:\/\/www.projekte-mit-energie.de\/index.php?rest_route=%2Fwp%2Fv2%2Fmedia&parent=13"}],"curies":[{"name":"wp","href":"https:\/\/api.w.org\/{rel}","templated":true}]}}